{"id":10,"date":"2015-04-23T08:37:03","date_gmt":"2015-04-23T08:37:03","guid":{"rendered":"http:\/\/rac-ciencias.org\/wp\/?page_id=10"},"modified":"2026-03-14T17:35:31","modified_gmt":"2026-03-14T17:35:31","slug":"academicos-numerarios","status":"publish","type":"page","link":"http:\/\/rac-ciencias.org\/wp\/?page_id=10","title":{"rendered":"Acad\u00e9micos de N\u00famero"},"content":{"rendered":"<p lang=\"es-ES\"><span style=\"font-size: large;\"><u><b>Secci\u00f3n de Qu\u00edmica<\/b><\/u><\/span><\/p>\n<p lang=\"es-ES\"><span style=\"font-size: large;\">D. Francisco Garc\u00eda Montelongo<\/span><\/p>\n<p><span style=\"font-size: large;\"><span lang=\"es-ES\">D. Juan Ortega Saavedra<\/span><\/span><\/p>\n<p lang=\"es-ES\"><span style=\"font-size: large;\">D. V\u00edctor Sotero Mart\u00edn Garc\u00eda<\/span><\/p>\n<p lang=\"es-ES\"><span style=\"font-size: large;\">D. Sebasti\u00e1n Delgado D\u00edaz<\/span><\/p>\n<p><span style=\"font-size: large;\"><span lang=\"es-ES\">D. \u00c1ngel Guti\u00e9rrez Ravelo (pas\u00f3 a Em\u00e9rito)<\/span><\/span><\/p>\n<p lang=\"es-ES\"><span style=\"font-size: large;\">D\u00aa Andrea Brito Alay\u00f3n\u00a0<\/span><\/p>\n<p lang=\"es-ES\"><span style=\"font-size: large;\">D. Jos\u00e9 Juan Santana Rodr\u00edguez<\/span><\/p>\n<p lang=\"es-ES\"><span style=\"font-size: large;\">D. Ricardo Souto Su\u00e1rez<\/span><\/p>\n<p lang=\"es-ES\"><u><b>Secci\u00f3n de Biolog\u00eda<\/b><\/u><\/p>\n<p lang=\"es-ES\"><span style=\"font-size: large;\">D. Juan Jos\u00e9 Bacallado Ar\u00e1nega<\/span><\/p>\n<p lang=\"es-ES\"><span style=\"font-size: large;\">D. Angel Guti\u00e9rrez Navarro<\/span><\/p>\n<p><span style=\"font-size: large;\"><span lang=\"es-ES\">D. Jos\u00e9 Regidor Garc\u00eda<\/span><\/span><\/p>\n<p lang=\"es-ES\"><span style=\"font-size: large;\">D. Bonifacio D\u00edaz Chico<\/span><\/p>\n<p lang=\"es-ES\"><span style=\"font-size: large;\">D. Enrique Mel\u00e9ndez Hevia<\/span><\/p>\n<p lang=\"es-ES\"><span style=\"font-size: large;\">D\u00aa Mar\u00eda Luisa Tejedor Salguero<\/span><\/p>\n<p lang=\"es-ES\"><span style=\"font-size: large;\">D. Alberto Brito Hern\u00e1ndez<\/span><\/p>\n<p lang=\"es-ES\"><span style=\"font-size: large;\">D. Pedro Luis P\u00e9rez de Paz<\/span><\/p>\n<p lang=\"es-ES\"><span style=\"font-size: large;\"><span lang=\"es-ES\"><u><b>\u00a0Secci\u00f3n de Matem\u00e1ticas<\/b><\/u><\/span><\/span><\/p>\n<p lang=\"fr-FR\"><span style=\"font-size: large;\">D. Jos\u00e9 Manuel M\u00e9ndez P\u00e9rez<\/span><\/p>\n<p lang=\"es-ES\"><span style=\"font-size: large;\">D. Carlos Gonz\u00e1lez Mart\u00edn<\/span><\/p>\n<p lang=\"es-ES\"><span style=\"font-size: large;\">D. Domingo Chinea Miranda<\/span><\/p>\n<p lang=\"es-ES\"><span style=\"font-size: large;\">D. Jorge J. Betancor P\u00e9rez<\/span><\/p>\n<p lang=\"es-ES\"><span style=\"font-size: large;\">D. Juan Carlos Marrero Gonz\u00e1lez<\/span><\/p>\n<p><span style=\"font-size: large;\">D. Jos\u00e9 Miguel Pacheco Castelao<\/span><\/p>\n<p lang=\"es-ES\"><span style=\"font-size: large;\">D.\u00a0Pedro Saavedra Santana<\/span><\/p>\n<p lang=\"es-ES\"><span style=\"font-size: large;\">D\u00aa Margarita Rivero \u00c1lvarez<\/span><\/p>\n<p><b> <\/b><span style=\"font-size: large;\"><span lang=\"es-ES\"><u><b>Secci\u00f3n de F\u00edsica<\/b><\/u><\/span><\/span><span style=\"font-size: large;\">\u00a0<\/span><\/p>\n<p lang=\"es-ES\"><span style=\"font-size: large;\">D. Francisco Rubio Royo<\/span><\/p>\n<p lang=\"es-ES\"><span style=\"font-size: large;\">D. Jos\u00e9 Bret\u00f3n \u00a0Pe\u00f1a <\/span><\/p>\n<p lang=\"es-ES\"><span style=\"font-size: large;\">D. Daniel Alonso Ram\u00edrez <\/span><\/p>\n<p lang=\"es-ES\"><span style=\"font-size: large;\">D\u00aa Carmen Paz Su\u00e1rez Ara\u00fajo<\/span><\/p>\n<p lang=\"es-ES\"><span style=\"font-size: large;\"><u><b>Secci\u00f3n de Ciencias de la Tierra y del Espacio<\/b><\/u><\/span><\/p>\n<p lang=\"es-ES\"><span style=\"font-size: large;\">D. Teodoro Roca Cort\u00e9s<br \/>\n<\/span><\/p>\n<p lang=\"es-ES\"><span style=\"font-size: large;\">D. Juan Carlos Carracedo G\u00f3mez<\/span><\/p>\n<p lang=\"es-ES\"><span style=\"font-size: large;\">D. Manuel V\u00e1zquez Abeledo<\/span><\/p>\n<p lang=\"es-ES\"><span style=\"font-size: large;\">D. Rafael Rebolo L\u00f3pez\u00a0 <\/span><\/p>\n<p lang=\"es-ES\"><span style=\"font-size: large;\">D. Francisco Jos\u00e9 P\u00e9rez <\/span><span style=\"font-size: large;\">Torrado<\/span><\/p>\n<p lang=\"es-ES\" style=\"padding-left: 30px;\"><span style=\"text-decoration: underline;\"><strong><span style=\"font-size: large;\"><span lang=\"es-ES\"><u>Propuestas de Acad\u00e9micos de N\u00famero:<\/u><\/span><\/span><\/strong><\/span><\/p>\n<p lang=\"es-ES\">\n","protected":false},"excerpt":{"rendered":"<p>Secci\u00f3n de Qu\u00edmica D. Francisco Garc\u00eda Montelongo D. Juan Ortega Saavedra D. V\u00edctor Sotero Mart\u00edn Garc\u00eda D. Sebasti\u00e1n Delgado D\u00edaz D. \u00c1ngel Guti\u00e9rrez Ravelo (pas\u00f3 a Em\u00e9rito) D\u00aa Andrea Brito Alay\u00f3n\u00a0 D. Jos\u00e9 Juan Santana Rodr\u00edguez D. Ricardo Souto Su\u00e1rez Secci\u00f3n de Biolog\u00eda D. Juan Jos\u00e9 Bacallado Ar\u00e1nega D. Angel Guti\u00e9rrez Navarro D. Jos\u00e9 Regidor [&hellip;]<\/p>\n","protected":false},"author":1,"featured_media":0,"parent":0,"menu_order":0,"comment_status":"open","ping_status":"open","template":"","meta":{"footnotes":""},"class_list":["post-10","page","type-page","status-publish","hentry"],"_links":{"self":[{"href":"http:\/\/rac-ciencias.org\/wp\/index.php?rest_route=\/wp\/v2\/pages\/10","targetHints":{"allow":["GET"]}}],"collection":[{"href":"http:\/\/rac-ciencias.org\/wp\/index.php?rest_route=\/wp\/v2\/pages"}],"about":[{"href":"http:\/\/rac-ciencias.org\/wp\/index.php?rest_route=\/wp\/v2\/types\/page"}],"author":[{"embeddable":true,"href":"http:\/\/rac-ciencias.org\/wp\/index.php?rest_route=\/wp\/v2\/users\/1"}],"replies":[{"embeddable":true,"href":"http:\/\/rac-ciencias.org\/wp\/index.php?rest_route=%2Fwp%2Fv2%2Fcomments&post=10"}],"version-history":[{"count":35,"href":"http:\/\/rac-ciencias.org\/wp\/index.php?rest_route=\/wp\/v2\/pages\/10\/revisions"}],"predecessor-version":[{"id":2838,"href":"http:\/\/rac-ciencias.org\/wp\/index.php?rest_route=\/wp\/v2\/pages\/10\/revisions\/2838"}],"wp:attachment":[{"href":"http:\/\/rac-ciencias.org\/wp\/index.php?rest_route=%2Fwp%2Fv2%2Fmedia&parent=10"}],"curies":[{"name":"wp","href":"https:\/\/api.w.org\/{rel}","templated":true}]}}