{"id":104,"date":"2015-05-08T14:42:43","date_gmt":"2015-05-08T14:42:43","guid":{"rendered":"http:\/\/rac-ciencias.org\/wp\/?page_id=104"},"modified":"2016-10-30T19:15:24","modified_gmt":"2016-10-30T19:15:24","slug":"numeros-recientes","status":"publish","type":"page","link":"http:\/\/rac-ciencias.org\/wp\/?page_id=104","title":{"rendered":"N\u00fameros recientes"},"content":{"rendered":"<p>En este enlace se encuentran los \u00edndices de los Vol\u00famenes m\u00e1s recientes de la Revista de la Academia <em><strong>Folia Canariensis Academia Scientiarum<\/strong><\/em>.<\/p>\n<p>He aqu\u00ed los \u00edndices de los <strong>\u00faltimos n\u00fameros aparecidos<\/strong>:<\/p>\n<p>Volumen XXVII (publicado en 2016):<\/p>\n<p><img loading=\"lazy\" decoding=\"async\" class=\"alignnone size-large wp-image-557\" src=\"http:\/\/rac-ciencias.org\/wp\/wp-content\/uploads\/2015\/05\/XXVII-710x1024.jpeg\" alt=\"xxvii\" width=\"690\" height=\"995\" srcset=\"http:\/\/rac-ciencias.org\/wp\/wp-content\/uploads\/2015\/05\/XXVII-710x1024.jpeg 710w, http:\/\/rac-ciencias.org\/wp\/wp-content\/uploads\/2015\/05\/XXVII-208x300.jpeg 208w, http:\/\/rac-ciencias.org\/wp\/wp-content\/uploads\/2015\/05\/XXVII-768x1107.jpeg 768w, http:\/\/rac-ciencias.org\/wp\/wp-content\/uploads\/2015\/05\/XXVII.jpeg 1596w\" sizes=\"auto, (max-width: 690px) 100vw, 690px\" \/><\/p>\n<p>Volumen XXVI (publicado en 2015):<\/p>\n<p><img loading=\"lazy\" decoding=\"async\" class=\"alignnone size-large wp-image-556\" src=\"http:\/\/rac-ciencias.org\/wp\/wp-content\/uploads\/2015\/05\/XXVI-830x1024.jpg\" alt=\"xxvi\" width=\"690\" height=\"851\" srcset=\"http:\/\/rac-ciencias.org\/wp\/wp-content\/uploads\/2015\/05\/XXVI-830x1024.jpg 830w, http:\/\/rac-ciencias.org\/wp\/wp-content\/uploads\/2015\/05\/XXVI-243x300.jpg 243w, http:\/\/rac-ciencias.org\/wp\/wp-content\/uploads\/2015\/05\/XXVI-768x948.jpg 768w, http:\/\/rac-ciencias.org\/wp\/wp-content\/uploads\/2015\/05\/XXVI.jpg 1747w\" sizes=\"auto, (max-width: 690px) 100vw, 690px\" \/><\/p>\n<p>Volumen XXV (publicado en 2015):<\/p>\n<p><a href=\"http:\/\/rac-ciencias.org\/wp\/wp-content\/uploads\/2015\/05\/Indice-XXV.jpg\"><img loading=\"lazy\" decoding=\"async\" class=\"alignnone wp-image-179\" src=\"http:\/\/rac-ciencias.org\/wp\/wp-content\/uploads\/2015\/05\/Indice-XXV-735x1024.jpg\" alt=\"Indice XXV\" width=\"722\" height=\"1006\" srcset=\"http:\/\/rac-ciencias.org\/wp\/wp-content\/uploads\/2015\/05\/Indice-XXV-735x1024.jpg 735w, http:\/\/rac-ciencias.org\/wp\/wp-content\/uploads\/2015\/05\/Indice-XXV-215x300.jpg 215w, http:\/\/rac-ciencias.org\/wp\/wp-content\/uploads\/2015\/05\/Indice-XXV.jpg 850w\" sizes=\"auto, (max-width: 722px) 100vw, 722px\" \/><\/a><\/p>\n<p>&nbsp;<\/p>\n","protected":false},"excerpt":{"rendered":"<p>En este enlace se encuentran los \u00edndices de los Vol\u00famenes m\u00e1s recientes de la Revista de la Academia Folia Canariensis Academia Scientiarum. He aqu\u00ed los \u00edndices de los \u00faltimos n\u00fameros aparecidos: Volumen XXVII (publicado en 2016): Volumen XXVI (publicado en 2015): Volumen XXV (publicado en 2015): &nbsp;<\/p>\n","protected":false},"author":1,"featured_media":0,"parent":0,"menu_order":0,"comment_status":"open","ping_status":"open","template":"","meta":{"footnotes":""},"class_list":["post-104","page","type-page","status-publish","hentry"],"_links":{"self":[{"href":"http:\/\/rac-ciencias.org\/wp\/index.php?rest_route=\/wp\/v2\/pages\/104","targetHints":{"allow":["GET"]}}],"collection":[{"href":"http:\/\/rac-ciencias.org\/wp\/index.php?rest_route=\/wp\/v2\/pages"}],"about":[{"href":"http:\/\/rac-ciencias.org\/wp\/index.php?rest_route=\/wp\/v2\/types\/page"}],"author":[{"embeddable":true,"href":"http:\/\/rac-ciencias.org\/wp\/index.php?rest_route=\/wp\/v2\/users\/1"}],"replies":[{"embeddable":true,"href":"http:\/\/rac-ciencias.org\/wp\/index.php?rest_route=%2Fwp%2Fv2%2Fcomments&post=104"}],"version-history":[{"count":8,"href":"http:\/\/rac-ciencias.org\/wp\/index.php?rest_route=\/wp\/v2\/pages\/104\/revisions"}],"predecessor-version":[{"id":560,"href":"http:\/\/rac-ciencias.org\/wp\/index.php?rest_route=\/wp\/v2\/pages\/104\/revisions\/560"}],"wp:attachment":[{"href":"http:\/\/rac-ciencias.org\/wp\/index.php?rest_route=%2Fwp%2Fv2%2Fmedia&parent=104"}],"curies":[{"name":"wp","href":"https:\/\/api.w.org\/{rel}","templated":true}]}}