{"id":106,"date":"2015-05-08T14:47:58","date_gmt":"2015-05-08T14:47:58","guid":{"rendered":"http:\/\/rac-ciencias.org\/wp\/?page_id=106"},"modified":"2017-04-21T13:22:31","modified_gmt":"2017-04-21T12:22:31","slug":"todos-los-volumenes-desde-el-no-i","status":"publish","type":"page","link":"http:\/\/rac-ciencias.org\/wp\/?page_id=106","title":{"rendered":"Toda la Revista"},"content":{"rendered":"<p>&nbsp;<\/p>\n<p><img loading=\"lazy\" decoding=\"async\" class=\"wp-image-410 alignleft\" src=\"http:\/\/rac-ciencias.org\/wp\/wp-content\/uploads\/2015\/05\/Folia1-712x1024.jpeg\" alt=\"Folia1\" width=\"289\" height=\"415\" srcset=\"http:\/\/rac-ciencias.org\/wp\/wp-content\/uploads\/2015\/05\/Folia1-712x1024.jpeg 712w, http:\/\/rac-ciencias.org\/wp\/wp-content\/uploads\/2015\/05\/Folia1-209x300.jpeg 209w, http:\/\/rac-ciencias.org\/wp\/wp-content\/uploads\/2015\/05\/Folia1-768x1105.jpeg 768w, http:\/\/rac-ciencias.org\/wp\/wp-content\/uploads\/2015\/05\/Folia1.jpeg 787w\" sizes=\"auto, (max-width: 289px) 100vw, 289px\" \/><\/p>\n<p>&nbsp;<\/p>\n<p style=\"text-align: center;\"><strong>Desde el 20 de Abril de 2017, coincidiendo con el 30\u00ba aniversario de la Real Academia, la revista (en su mayor parte) est\u00e1 disponible en versi\u00f3n digital en la direcci\u00f3n web<\/strong><\/p>\n<p style=\"text-align: center;\"><strong>\u00a0<a href=\"http:\/\/mdc.ulpgc.es\/racc\">http:\/\/mdc.ulpgc.es\/racc<\/a><\/strong><\/p>\n<p style=\"text-align: center;\"><strong>por acuerdo con la Biblioteca de la Universidad de Las Palmas de Gran Canaria<\/strong><\/p>\n<p style=\"text-align: center;\">Por otro lado, los \u00a0n\u00fameros\/fasc\u00edculos referentes a <strong>Biolog\u00eda<\/strong> se encuentran ya en ese formato (U de La Laguna)<\/p>\n<p>&nbsp;<\/p>\n","protected":false},"excerpt":{"rendered":"<p>&nbsp; &nbsp; Desde el 20 de Abril de 2017, coincidiendo con el 30\u00ba aniversario de la Real Academia, la revista (en su mayor parte) est\u00e1 disponible en versi\u00f3n digital en la direcci\u00f3n web \u00a0http:\/\/mdc.ulpgc.es\/racc por acuerdo con la Biblioteca de la Universidad de Las Palmas de Gran Canaria Por otro lado, los \u00a0n\u00fameros\/fasc\u00edculos referentes a [&hellip;]<\/p>\n","protected":false},"author":1,"featured_media":0,"parent":0,"menu_order":0,"comment_status":"open","ping_status":"open","template":"","meta":{"footnotes":""},"class_list":["post-106","page","type-page","status-publish","hentry"],"_links":{"self":[{"href":"http:\/\/rac-ciencias.org\/wp\/index.php?rest_route=\/wp\/v2\/pages\/106","targetHints":{"allow":["GET"]}}],"collection":[{"href":"http:\/\/rac-ciencias.org\/wp\/index.php?rest_route=\/wp\/v2\/pages"}],"about":[{"href":"http:\/\/rac-ciencias.org\/wp\/index.php?rest_route=\/wp\/v2\/types\/page"}],"author":[{"embeddable":true,"href":"http:\/\/rac-ciencias.org\/wp\/index.php?rest_route=\/wp\/v2\/users\/1"}],"replies":[{"embeddable":true,"href":"http:\/\/rac-ciencias.org\/wp\/index.php?rest_route=%2Fwp%2Fv2%2Fcomments&post=106"}],"version-history":[{"count":15,"href":"http:\/\/rac-ciencias.org\/wp\/index.php?rest_route=\/wp\/v2\/pages\/106\/revisions"}],"predecessor-version":[{"id":676,"href":"http:\/\/rac-ciencias.org\/wp\/index.php?rest_route=\/wp\/v2\/pages\/106\/revisions\/676"}],"wp:attachment":[{"href":"http:\/\/rac-ciencias.org\/wp\/index.php?rest_route=%2Fwp%2Fv2%2Fmedia&parent=106"}],"curies":[{"name":"wp","href":"https:\/\/api.w.org\/{rel}","templated":true}]}}