{"id":113,"date":"2015-05-08T15:03:18","date_gmt":"2015-05-08T15:03:18","guid":{"rendered":"http:\/\/rac-ciencias.org\/wp\/?page_id=113"},"modified":"2015-05-08T15:03:27","modified_gmt":"2015-05-08T15:03:27","slug":"discursos-inaugurales","status":"publish","type":"page","link":"http:\/\/rac-ciencias.org\/wp\/?page_id=113","title":{"rendered":"Discursos inaugurales"},"content":{"rendered":"<p>He aqu\u00ed un listado con los Discursos inaugurales pronunciados en los cursos acad\u00e9micos transcurridos desde la creaci\u00f3n de nuestra Real Academia.<\/p>\n<p>A\u00f1o XXXX \u00abT\u00edtulo\u00bb por YYYY<\/p>\n","protected":false},"excerpt":{"rendered":"<p>He aqu\u00ed un listado con los Discursos inaugurales pronunciados en los cursos acad\u00e9micos transcurridos desde la creaci\u00f3n de nuestra Real Academia. A\u00f1o XXXX \u00abT\u00edtulo\u00bb por YYYY<\/p>\n","protected":false},"author":1,"featured_media":0,"parent":0,"menu_order":0,"comment_status":"open","ping_status":"open","template":"","meta":{"footnotes":""},"class_list":["post-113","page","type-page","status-publish","hentry"],"_links":{"self":[{"href":"http:\/\/rac-ciencias.org\/wp\/index.php?rest_route=\/wp\/v2\/pages\/113","targetHints":{"allow":["GET"]}}],"collection":[{"href":"http:\/\/rac-ciencias.org\/wp\/index.php?rest_route=\/wp\/v2\/pages"}],"about":[{"href":"http:\/\/rac-ciencias.org\/wp\/index.php?rest_route=\/wp\/v2\/types\/page"}],"author":[{"embeddable":true,"href":"http:\/\/rac-ciencias.org\/wp\/index.php?rest_route=\/wp\/v2\/users\/1"}],"replies":[{"embeddable":true,"href":"http:\/\/rac-ciencias.org\/wp\/index.php?rest_route=%2Fwp%2Fv2%2Fcomments&post=113"}],"version-history":[{"count":1,"href":"http:\/\/rac-ciencias.org\/wp\/index.php?rest_route=\/wp\/v2\/pages\/113\/revisions"}],"predecessor-version":[{"id":114,"href":"http:\/\/rac-ciencias.org\/wp\/index.php?rest_route=\/wp\/v2\/pages\/113\/revisions\/114"}],"wp:attachment":[{"href":"http:\/\/rac-ciencias.org\/wp\/index.php?rest_route=%2Fwp%2Fv2%2Fmedia&parent=113"}],"curies":[{"name":"wp","href":"https:\/\/api.w.org\/{rel}","templated":true}]}}