{"id":15,"date":"2015-04-23T08:39:40","date_gmt":"2015-04-23T08:39:40","guid":{"rendered":"http:\/\/rac-ciencias.org\/wp\/?page_id=15"},"modified":"2026-02-27T11:43:35","modified_gmt":"2026-02-27T11:43:35","slug":"academicos-colaboradores","status":"publish","type":"page","link":"http:\/\/rac-ciencias.org\/wp\/?page_id=15","title":{"rendered":"Acad\u00e9micos Colaboradores"},"content":{"rendered":"<p>D. Luis Balbuena Castellano (Matem\u00e1ticas, Tenerife), desde 2014<\/p>\n<p>D. Jos\u00e9 Antonio Mart\u00edn Corujo (Matem\u00e1ticas, La Palma), desde 2016<\/p>\n<p>D. Rafael Garc\u00eda Becerra\u00a0(Biolog\u00eda, La Palma), desde 2016<\/p>\n<p>D. Francisco Lorenzo Concepci\u00f3n (Qu\u00edmica, La Palma), desde 2016<\/p>\n<p>D. Juan Carlos P\u00e9rez Arencibia (Ciencias de la Tierra y el Espacio, La Palma), desde 2016<\/p>\n<p>Dr. D. Fernando Hern\u00e1ndez Guarch (Matem\u00e1ticas, Gran Canaria), desde 2022<\/p>\n<p>D. Jacinto R. Quevedo Sarmiento (Matem\u00e1ticas, Gran Canaria), desde 2023<\/p>\n","protected":false},"excerpt":{"rendered":"<p>D. Luis Balbuena Castellano (Matem\u00e1ticas, Tenerife), desde 2014 D. Jos\u00e9 Antonio Mart\u00edn Corujo (Matem\u00e1ticas, La Palma), desde 2016 D. Rafael Garc\u00eda Becerra\u00a0(Biolog\u00eda, La Palma), desde 2016 D. Francisco Lorenzo Concepci\u00f3n (Qu\u00edmica, La Palma), desde 2016 D. Juan Carlos P\u00e9rez Arencibia (Ciencias de la Tierra y el Espacio, La Palma), desde 2016 Dr. D. Fernando Hern\u00e1ndez [&hellip;]<\/p>\n","protected":false},"author":1,"featured_media":0,"parent":0,"menu_order":0,"comment_status":"open","ping_status":"open","template":"","meta":{"footnotes":""},"class_list":["post-15","page","type-page","status-publish","hentry"],"_links":{"self":[{"href":"http:\/\/rac-ciencias.org\/wp\/index.php?rest_route=\/wp\/v2\/pages\/15","targetHints":{"allow":["GET"]}}],"collection":[{"href":"http:\/\/rac-ciencias.org\/wp\/index.php?rest_route=\/wp\/v2\/pages"}],"about":[{"href":"http:\/\/rac-ciencias.org\/wp\/index.php?rest_route=\/wp\/v2\/types\/page"}],"author":[{"embeddable":true,"href":"http:\/\/rac-ciencias.org\/wp\/index.php?rest_route=\/wp\/v2\/users\/1"}],"replies":[{"embeddable":true,"href":"http:\/\/rac-ciencias.org\/wp\/index.php?rest_route=%2Fwp%2Fv2%2Fcomments&post=15"}],"version-history":[{"count":14,"href":"http:\/\/rac-ciencias.org\/wp\/index.php?rest_route=\/wp\/v2\/pages\/15\/revisions"}],"predecessor-version":[{"id":2796,"href":"http:\/\/rac-ciencias.org\/wp\/index.php?rest_route=\/wp\/v2\/pages\/15\/revisions\/2796"}],"wp:attachment":[{"href":"http:\/\/rac-ciencias.org\/wp\/index.php?rest_route=%2Fwp%2Fv2%2Fmedia&parent=15"}],"curies":[{"name":"wp","href":"https:\/\/api.w.org\/{rel}","templated":true}]}}