{"id":2,"date":"2015-04-22T18:11:00","date_gmt":"2015-04-22T18:11:00","guid":{"rendered":"http:\/\/rac-ciencias.org\/wp\/?page_id=2"},"modified":"2024-05-14T17:48:34","modified_gmt":"2024-05-14T16:48:34","slug":"sample-page","status":"publish","type":"page","link":"http:\/\/rac-ciencias.org\/wp\/?page_id=2","title":{"rendered":"Bienvenidos"},"content":{"rendered":"<p>Bienvenidos a la Web de la Real Academia Canaria de Ciencias, activa desde 1987, una de las tres Reales Academias con sede en Canarias asociadas al Instituto de Espa\u00f1a.<\/p>\n<p><strong>Directivos de la RACC, elegidos el 19 de Mayo de 2022:<\/strong><\/p>\n<p>Presidente: Dr Daniel Alonso Ram\u00edrez<\/p>\n<p>Vicepresidente: Dr Jos\u00e9 Regidor Garc\u00eda<\/p>\n<p>Secretario: Dr Carlos Gonz\u00e1lez Mart\u00edn<\/p>\n<p>Vicesecretario: Dr Jos\u00e9 Juan Santana Rodr\u00edguez<\/p>\n<p>Tesorero: Dr Jos\u00e9 Diego Bret\u00f3n Pe\u00f1a<\/p>\n<p><span style=\"font-size: revert; color: initial; font-family: -apple-system, BlinkMacSystemFont, 'Segoe UI', Roboto, Oxygen-Sans, Ubuntu, Cantarell, 'Helvetica Neue', sans-serif;\">Bibliotecario: Dr Juan Carlos Marrero Gonz\u00e1lez<\/span><\/p>\n<p>Vocales por las distintas secciones, ser\u00e1n elegidos y nombrados en breve<\/p>\n<p>Vocal Matem\u00e1ticas: &#8211; &#8211; &#8211;<\/p>\n<p>Vocal F\u00edsica: &#8211; &#8211; &#8211;<\/p>\n<p>Vocal Qu\u00edmica:\u00a0 \u00a0&#8211; &#8211; &#8211;<\/p>\n<p>Vocal Biolog\u00eda: &#8211; &#8211; &#8211;<\/p>\n<p>Vocal CC de la Tierra: &#8211; &#8211; &#8211;<\/p>\n<p><span style=\"font-size: small;\"><br aria-hidden=\"true\" \/><br aria-hidden=\"true\" \/><br aria-hidden=\"true\" \/><br aria-hidden=\"true\" \/><br aria-hidden=\"true\" \/><br \/>\n<\/span><\/p>\n","protected":false},"excerpt":{"rendered":"<p>Bienvenidos a la Web de la Real Academia Canaria de Ciencias, activa desde 1987, una de las tres Reales Academias con sede en Canarias asociadas al Instituto de Espa\u00f1a. Directivos de la RACC, elegidos el 19 de Mayo de 2022: Presidente: Dr Daniel Alonso Ram\u00edrez Vicepresidente: Dr Jos\u00e9 Regidor Garc\u00eda Secretario: Dr Carlos Gonz\u00e1lez Mart\u00edn [&hellip;]<\/p>\n","protected":false},"author":1,"featured_media":0,"parent":0,"menu_order":0,"comment_status":"open","ping_status":"open","template":"","meta":{"footnotes":""},"class_list":["post-2","page","type-page","status-publish","hentry"],"_links":{"self":[{"href":"http:\/\/rac-ciencias.org\/wp\/index.php?rest_route=\/wp\/v2\/pages\/2","targetHints":{"allow":["GET"]}}],"collection":[{"href":"http:\/\/rac-ciencias.org\/wp\/index.php?rest_route=\/wp\/v2\/pages"}],"about":[{"href":"http:\/\/rac-ciencias.org\/wp\/index.php?rest_route=\/wp\/v2\/types\/page"}],"author":[{"embeddable":true,"href":"http:\/\/rac-ciencias.org\/wp\/index.php?rest_route=\/wp\/v2\/users\/1"}],"replies":[{"embeddable":true,"href":"http:\/\/rac-ciencias.org\/wp\/index.php?rest_route=%2Fwp%2Fv2%2Fcomments&post=2"}],"version-history":[{"count":18,"href":"http:\/\/rac-ciencias.org\/wp\/index.php?rest_route=\/wp\/v2\/pages\/2\/revisions"}],"predecessor-version":[{"id":2550,"href":"http:\/\/rac-ciencias.org\/wp\/index.php?rest_route=\/wp\/v2\/pages\/2\/revisions\/2550"}],"wp:attachment":[{"href":"http:\/\/rac-ciencias.org\/wp\/index.php?rest_route=%2Fwp%2Fv2%2Fmedia&parent=2"}],"curies":[{"name":"wp","href":"https:\/\/api.w.org\/{rel}","templated":true}]}}