{"id":23,"date":"2015-04-23T08:42:28","date_gmt":"2015-04-23T08:42:28","guid":{"rendered":"http:\/\/rac-ciencias.org\/wp\/?page_id=23"},"modified":"2026-01-15T19:00:46","modified_gmt":"2026-01-15T19:00:46","slug":"academicos","status":"publish","type":"page","link":"http:\/\/rac-ciencias.org\/wp\/?page_id=23","title":{"rendered":"Acad\u00e9micos"},"content":{"rendered":"<p style=\"text-align: center;\"><a href=\"http:\/\/rac-ciencias.org\/wp\/wp-content\/uploads\/2015\/04\/PrimerosAcad\u00e9micos002.jpg\"><img loading=\"lazy\" decoding=\"async\" class=\"alignnone size-large wp-image-181\" src=\"http:\/\/rac-ciencias.org\/wp\/wp-content\/uploads\/2015\/04\/PrimerosAcad\u00e9micos002-1024x508.jpg\" alt=\"PrimerosAcad\u00e9micos002\" width=\"690\" height=\"342\" srcset=\"http:\/\/rac-ciencias.org\/wp\/wp-content\/uploads\/2015\/04\/PrimerosAcad\u00e9micos002-1024x508.jpg 1024w, http:\/\/rac-ciencias.org\/wp\/wp-content\/uploads\/2015\/04\/PrimerosAcad\u00e9micos002-300x149.jpg 300w\" sizes=\"auto, (max-width: 690px) 100vw, 690px\" \/><\/a><\/p>\n<p style=\"text-align: center;\"><strong>Toma de posesi\u00f3n de los Acad\u00e9micos Fundadores, el d\u00eda 13 de Octubre de 1987<\/strong>.<\/p>\n<p style=\"text-align: left;\">De izquierda a derecha se encuentran:<strong> Miguel Sanchez Garc\u00eda, Jos\u00e9 M\u00e9ndez P\u00e9rez, Francisco Rubio Royo, Francisco Garc\u00eda Montelongo, Juan Jos\u00e9 Bacallado Ar\u00e1nega, Wolfredo Wildpret de la Torre, N\u00e1cere Hayek Calil (primer Presidente), Enrique Fern\u00e1ndez Caldas, Jorge Fuentes Duchemin, Roberto Moreno D\u00edaz, y Francisco S\u00e1nchez Mart\u00ednez<\/strong>. La fotograf\u00eda fue tomada por el Acad\u00e9mico <strong>Agust\u00edn Ar\u00e9valo<\/strong> en el despacho del entonces Consejero de Educaci\u00f3n del Gobierno de Canarias, el tambi\u00e9n Acad\u00e9mico Fern\u00e1ndez Caldas.<\/p>\n<p style=\"text-align: left;\">En la RAC de Ciencias hay Acad\u00e9micos de varias clases: de n\u00famero, correspondientes, colaboradores y tambi\u00e9n honorarios.\u00a0 Salvo los Acad\u00e9micos Fundadores, todos los dem\u00e1s han ingresado en la Academia con el preceptivo Discurso de Ingreso, seguido de la correspondiente Contestaci\u00f3n por parte de otro Acad\u00e9mico. Los Acad\u00e9micos de N\u00famero de la RAC de Ciencias han de poseer el grado de Doctor, lo que no es necesario para los Acad\u00e9micos Colaboradores.<\/p>\n","protected":false},"excerpt":{"rendered":"<p>Toma de posesi\u00f3n de los Acad\u00e9micos Fundadores, el d\u00eda 13 de Octubre de 1987. De izquierda a derecha se encuentran: Miguel Sanchez Garc\u00eda, Jos\u00e9 M\u00e9ndez P\u00e9rez, Francisco Rubio Royo, Francisco Garc\u00eda Montelongo, Juan Jos\u00e9 Bacallado Ar\u00e1nega, Wolfredo Wildpret de la Torre, N\u00e1cere Hayek Calil (primer Presidente), Enrique Fern\u00e1ndez Caldas, Jorge Fuentes Duchemin, Roberto Moreno D\u00edaz, [&hellip;]<\/p>\n","protected":false},"author":1,"featured_media":0,"parent":0,"menu_order":0,"comment_status":"open","ping_status":"open","template":"","meta":{"footnotes":""},"class_list":["post-23","page","type-page","status-publish","hentry"],"_links":{"self":[{"href":"http:\/\/rac-ciencias.org\/wp\/index.php?rest_route=\/wp\/v2\/pages\/23","targetHints":{"allow":["GET"]}}],"collection":[{"href":"http:\/\/rac-ciencias.org\/wp\/index.php?rest_route=\/wp\/v2\/pages"}],"about":[{"href":"http:\/\/rac-ciencias.org\/wp\/index.php?rest_route=\/wp\/v2\/types\/page"}],"author":[{"embeddable":true,"href":"http:\/\/rac-ciencias.org\/wp\/index.php?rest_route=\/wp\/v2\/users\/1"}],"replies":[{"embeddable":true,"href":"http:\/\/rac-ciencias.org\/wp\/index.php?rest_route=%2Fwp%2Fv2%2Fcomments&post=23"}],"version-history":[{"count":9,"href":"http:\/\/rac-ciencias.org\/wp\/index.php?rest_route=\/wp\/v2\/pages\/23\/revisions"}],"predecessor-version":[{"id":2697,"href":"http:\/\/rac-ciencias.org\/wp\/index.php?rest_route=\/wp\/v2\/pages\/23\/revisions\/2697"}],"wp:attachment":[{"href":"http:\/\/rac-ciencias.org\/wp\/index.php?rest_route=%2Fwp%2Fv2%2Fmedia&parent=23"}],"curies":[{"name":"wp","href":"https:\/\/api.w.org\/{rel}","templated":true}]}}