{"id":282,"date":"2015-06-21T17:52:45","date_gmt":"2015-06-21T16:52:45","guid":{"rendered":"http:\/\/rac-ciencias.org\/wp\/?page_id=282"},"modified":"2016-02-16T12:35:15","modified_gmt":"2016-02-16T12:35:15","slug":"una-fotografia-historica","status":"publish","type":"page","link":"http:\/\/rac-ciencias.org\/wp\/?page_id=282","title":{"rendered":"Fotograf\u00edas Hist\u00f3ricas"},"content":{"rendered":"<p style=\"text-align: center;\"><a href=\"http:\/\/rac-ciencias.org\/wp\/wp-content\/uploads\/2015\/04\/PrimerosAcad\u00e9micos002.jpg\"><img loading=\"lazy\" decoding=\"async\" class=\"alignnone size-large wp-image-181\" src=\"http:\/\/rac-ciencias.org\/wp\/wp-content\/uploads\/2015\/04\/PrimerosAcad\u00e9micos002-1024x508.jpg\" alt=\"PrimerosAcad\u00e9micos002\" width=\"690\" height=\"342\" srcset=\"http:\/\/rac-ciencias.org\/wp\/wp-content\/uploads\/2015\/04\/PrimerosAcad\u00e9micos002-1024x508.jpg 1024w, http:\/\/rac-ciencias.org\/wp\/wp-content\/uploads\/2015\/04\/PrimerosAcad\u00e9micos002-300x149.jpg 300w\" sizes=\"auto, (max-width: 690px) 100vw, 690px\" \/><\/a><\/p>\n<p style=\"text-align: center;\"><strong>Toma de posesi\u00f3n de los Acad\u00e9micos Fundadores, el d\u00eda 13 de Octubre de 1987<\/strong>.<\/p>\n<p style=\"text-align: center;\">De izquierda a derecha se encuentran:<strong> Miguel Sanchez Garc\u00eda, Jos\u00e9 M\u00e9ndez P\u00e9rez, Francisco Rubio Royo, Francisco Garc\u00eda Montelongo, Juan Jos\u00e9 Bacallado Ar\u00e1nega, Wolfredo Wildpret de la Torre, N\u00e1cere Hayek Calil (primer Presidente), Enrique Fern\u00e1ndez Caldas, Jorge Fuentes Duchemin, Roberto Moreno D\u00edaz, y Francisco S\u00e1nchez Mart\u00ednez<\/strong>. La fotograf\u00eda fue tomada por el Acad\u00e9mico <strong>Agust\u00edn Ar\u00e9valo<\/strong> en el despacho del entonces Consejero de Educaci\u00f3n del Gobierno de Canarias, el tambi\u00e9n Acad\u00e9mico Enrique Fern\u00e1ndez Caldas.<\/p>\n<p style=\"text-align: center;\">* * *<\/p>\n<p style=\"text-align: center;\"><strong>Visita de Ren\u00e9 Thom a Tenerife, Noviembre de 1994<\/strong><\/p>\n<p><img loading=\"lazy\" decoding=\"async\" class=\"size-large wp-image-384 aligncenter\" src=\"http:\/\/rac-ciencias.org\/wp\/wp-content\/uploads\/2015\/06\/HayekThom-1024x1000.jpg\" alt=\"HayekThom\" width=\"690\" height=\"674\" srcset=\"http:\/\/rac-ciencias.org\/wp\/wp-content\/uploads\/2015\/06\/HayekThom-1024x1000.jpg 1024w, http:\/\/rac-ciencias.org\/wp\/wp-content\/uploads\/2015\/06\/HayekThom-300x293.jpg 300w, http:\/\/rac-ciencias.org\/wp\/wp-content\/uploads\/2015\/06\/HayekThom-768x750.jpg 768w, http:\/\/rac-ciencias.org\/wp\/wp-content\/uploads\/2015\/06\/HayekThom.jpg 1181w\" sizes=\"auto, (max-width: 690px) 100vw, 690px\" \/><\/p>\n<p style=\"text-align: center;\">N\u00e1cere Hayek (1922-2012) (i), con Ren\u00e9 Thom (1923-2002), con motivo de los 25 a\u00f1os de los estudios de Matem\u00e1ticas en La Laguna.<\/p>\n<p><img loading=\"lazy\" decoding=\"async\" class=\"size-large wp-image-385 aligncenter\" src=\"http:\/\/rac-ciencias.org\/wp\/wp-content\/uploads\/2015\/06\/HayekThomSabina-1024x412.jpg\" alt=\"HayekThomSabina\" width=\"690\" height=\"278\" srcset=\"http:\/\/rac-ciencias.org\/wp\/wp-content\/uploads\/2015\/06\/HayekThomSabina-1024x412.jpg 1024w, http:\/\/rac-ciencias.org\/wp\/wp-content\/uploads\/2015\/06\/HayekThomSabina-300x121.jpg 300w, http:\/\/rac-ciencias.org\/wp\/wp-content\/uploads\/2015\/06\/HayekThomSabina-768x309.jpg 768w, http:\/\/rac-ciencias.org\/wp\/wp-content\/uploads\/2015\/06\/HayekThomSabina.jpg 1772w\" sizes=\"auto, (max-width: 690px) 100vw, 690px\" \/><\/p>\n<p style=\"text-align: center;\">Los anteriores, con Jos\u00e9 Sabina.<\/p>\n","protected":false},"excerpt":{"rendered":"<p>Toma de posesi\u00f3n de los Acad\u00e9micos Fundadores, el d\u00eda 13 de Octubre de 1987. De izquierda a derecha se encuentran: Miguel Sanchez Garc\u00eda, Jos\u00e9 M\u00e9ndez P\u00e9rez, Francisco Rubio Royo, Francisco Garc\u00eda Montelongo, Juan Jos\u00e9 Bacallado Ar\u00e1nega, Wolfredo Wildpret de la Torre, N\u00e1cere Hayek Calil (primer Presidente), Enrique Fern\u00e1ndez Caldas, Jorge Fuentes Duchemin, Roberto Moreno D\u00edaz, [&hellip;]<\/p>\n","protected":false},"author":1,"featured_media":0,"parent":0,"menu_order":0,"comment_status":"open","ping_status":"open","template":"","meta":{"footnotes":""},"class_list":["post-282","page","type-page","status-publish","hentry"],"_links":{"self":[{"href":"http:\/\/rac-ciencias.org\/wp\/index.php?rest_route=\/wp\/v2\/pages\/282","targetHints":{"allow":["GET"]}}],"collection":[{"href":"http:\/\/rac-ciencias.org\/wp\/index.php?rest_route=\/wp\/v2\/pages"}],"about":[{"href":"http:\/\/rac-ciencias.org\/wp\/index.php?rest_route=\/wp\/v2\/types\/page"}],"author":[{"embeddable":true,"href":"http:\/\/rac-ciencias.org\/wp\/index.php?rest_route=\/wp\/v2\/users\/1"}],"replies":[{"embeddable":true,"href":"http:\/\/rac-ciencias.org\/wp\/index.php?rest_route=%2Fwp%2Fv2%2Fcomments&post=282"}],"version-history":[{"count":3,"href":"http:\/\/rac-ciencias.org\/wp\/index.php?rest_route=\/wp\/v2\/pages\/282\/revisions"}],"predecessor-version":[{"id":387,"href":"http:\/\/rac-ciencias.org\/wp\/index.php?rest_route=\/wp\/v2\/pages\/282\/revisions\/387"}],"wp:attachment":[{"href":"http:\/\/rac-ciencias.org\/wp\/index.php?rest_route=%2Fwp%2Fv2%2Fmedia&parent=282"}],"curies":[{"name":"wp","href":"https:\/\/api.w.org\/{rel}","templated":true}]}}