{"id":71,"date":"2015-05-08T09:31:20","date_gmt":"2015-05-08T09:31:20","guid":{"rendered":"http:\/\/rac-ciencias.org\/wp\/?page_id=71"},"modified":"2017-04-21T12:59:08","modified_gmt":"2017-04-21T11:59:08","slug":"revista","status":"publish","type":"page","link":"http:\/\/rac-ciencias.org\/wp\/?page_id=71","title":{"rendered":"Revista"},"content":{"rendered":"<p style=\"text-align: center;\"><a href=\"http:\/\/rac-ciencias.org\/wp\/wp-content\/uploads\/2015\/05\/Folia.jpeg\"><img loading=\"lazy\" decoding=\"async\" class=\"alignnone wp-image-173\" src=\"http:\/\/rac-ciencias.org\/wp\/wp-content\/uploads\/2015\/05\/cubiertaXXV-708x1024.jpg\" alt=\"cubiertaXXV\" width=\"204\" height=\"295\" srcset=\"http:\/\/rac-ciencias.org\/wp\/wp-content\/uploads\/2015\/05\/cubiertaXXV-708x1024.jpg 708w, http:\/\/rac-ciencias.org\/wp\/wp-content\/uploads\/2015\/05\/cubiertaXXV-207x300.jpg 207w, http:\/\/rac-ciencias.org\/wp\/wp-content\/uploads\/2015\/05\/cubiertaXXV.jpg 955w\" sizes=\"auto, (max-width: 204px) 100vw, 204px\" \/>\u00a0\u00a0<img loading=\"lazy\" decoding=\"async\" class=\"alignnone wp-image-108\" src=\"http:\/\/rac-ciencias.org\/wp\/wp-content\/uploads\/2015\/05\/Folia-685x1024.jpeg\" alt=\"Folia\" width=\"198\" height=\"295\" srcset=\"http:\/\/rac-ciencias.org\/wp\/wp-content\/uploads\/2015\/05\/Folia-685x1024.jpeg 685w, http:\/\/rac-ciencias.org\/wp\/wp-content\/uploads\/2015\/05\/Folia-201x300.jpeg 201w, http:\/\/rac-ciencias.org\/wp\/wp-content\/uploads\/2015\/05\/Folia.jpeg 1875w\" sizes=\"auto, (max-width: 198px) 100vw, 198px\" \/><\/a><\/p>\n<p style=\"text-align: left;\">Nuestra revista lleva apareciendo ininterrumpidamente desde 1990, cuando se dio a la imprenta \u00a0su n\u00famero I, con periodicidad (casi) anual.<\/p>\n<p style=\"text-align: left;\">Cada volumen se divid\u00eda en cuatro secciones (<strong>Matem\u00e1ticas, F\u00edsica, Qu\u00edmica y Biolog\u00eda<\/strong>, aunque no todos los vol\u00famenes\u00a0las han contenido todas; tambi\u00e9n, a veces se ha dividido alg\u00fan volumen en varios tomos, en funci\u00f3n de la cantidad de originales. A partir del n\u00famero XXIV \u00a0se incorpora la <strong>nueva Secci\u00f3n de Ciencias de la Tierra.\u00a0<\/strong><\/p>\n<p style=\"text-align: left;\">Hasta el n\u00famero XXIV la cubierta ha sido <strong>amarilla<\/strong>, pero <strong>a partir del XXV pasa a ser de color azul<\/strong>, el de las disciplinas cient\u00edficas, destacando m\u00e1s el emblema de la Real Academia.<\/p>\n<p style=\"text-align: center;\"><strong>Desde el 20 de Abril de 2017, coincidiendo con el 30\u00ba aniversario de la Real Academia, la revista est\u00e1 disponible en versi\u00f3n digital en la direcci\u00f3n web<\/strong><\/p>\n<p style=\"text-align: center;\"><strong>\u00a0<a href=\"http:\/\/mdc.ulpgc.es\/racc\">http:\/\/mdc.ulpgc.es\/racc<\/a><\/strong><\/p>\n<p>Al citar art\u00edculos contenidos en ella, el formato recomendado es:<\/p>\n<p style=\"text-align: left;\">[autor(es)](a\u00f1o) T\u00edtulo, <em>Folia Canariensis Acad. Scient.<\/em>, [Vol ][p. xx-yy] o bien<\/p>\n<p style=\"text-align: left;\">[autor(es)](a\u00f1o) T\u00edtulo, <em>Revista Acad. Canar. Ciencias<\/em> [Vol ][p. xx-yy]<\/p>\n<p style=\"text-align: left;\">Ejemplo:<\/p>\n<p style=\"text-align: left;\">Betancor J (2008) Some questions related to Fourier- Bessel expansions, <em>Folia Canariensis Acad. Scient.<\/em>, XX (1-2), 9-24, (published September 2009)<\/p>\n","protected":false},"excerpt":{"rendered":"<p>\u00a0\u00a0 Nuestra revista lleva apareciendo ininterrumpidamente desde 1990, cuando se dio a la imprenta \u00a0su n\u00famero I, con periodicidad (casi) anual. Cada volumen se divid\u00eda en cuatro secciones (Matem\u00e1ticas, F\u00edsica, Qu\u00edmica y Biolog\u00eda, aunque no todos los vol\u00famenes\u00a0las han contenido todas; tambi\u00e9n, a veces se ha dividido alg\u00fan volumen en varios tomos, en funci\u00f3n de [&hellip;]<\/p>\n","protected":false},"author":1,"featured_media":0,"parent":0,"menu_order":0,"comment_status":"open","ping_status":"open","template":"","meta":{"footnotes":""},"class_list":["post-71","page","type-page","status-publish","hentry"],"_links":{"self":[{"href":"http:\/\/rac-ciencias.org\/wp\/index.php?rest_route=\/wp\/v2\/pages\/71","targetHints":{"allow":["GET"]}}],"collection":[{"href":"http:\/\/rac-ciencias.org\/wp\/index.php?rest_route=\/wp\/v2\/pages"}],"about":[{"href":"http:\/\/rac-ciencias.org\/wp\/index.php?rest_route=\/wp\/v2\/types\/page"}],"author":[{"embeddable":true,"href":"http:\/\/rac-ciencias.org\/wp\/index.php?rest_route=\/wp\/v2\/users\/1"}],"replies":[{"embeddable":true,"href":"http:\/\/rac-ciencias.org\/wp\/index.php?rest_route=%2Fwp%2Fv2%2Fcomments&post=71"}],"version-history":[{"count":12,"href":"http:\/\/rac-ciencias.org\/wp\/index.php?rest_route=\/wp\/v2\/pages\/71\/revisions"}],"predecessor-version":[{"id":669,"href":"http:\/\/rac-ciencias.org\/wp\/index.php?rest_route=\/wp\/v2\/pages\/71\/revisions\/669"}],"wp:attachment":[{"href":"http:\/\/rac-ciencias.org\/wp\/index.php?rest_route=%2Fwp%2Fv2%2Fmedia&parent=71"}],"curies":[{"name":"wp","href":"https:\/\/api.w.org\/{rel}","templated":true}]}}