{"id":75,"date":"2015-05-08T09:35:49","date_gmt":"2015-05-08T09:35:49","guid":{"rendered":"http:\/\/rac-ciencias.org\/wp\/?page_id=75"},"modified":"2016-06-17T15:46:20","modified_gmt":"2016-06-17T14:46:20","slug":"e-mail","status":"publish","type":"page","link":"http:\/\/rac-ciencias.org\/wp\/?page_id=75","title":{"rendered":"Correo Web"},"content":{"rendered":"<p>Los Acad\u00e9micos disponen del correo electr\u00f3nico de la Instituci\u00f3n:\u00a0<a href=\"http:\/\/www.rac-ciencias.org\/webmail\/\">Correo Web<\/a><\/p>\n<p>Todos ellos corresponden a la forma general\u00a0[nombre]@rac-ciencias.org. He aqu\u00ed la lista de correos de los Acad\u00e9micos:<\/p>\n<table border=\"1\" width=\"603\" cellspacing=\"0\" cellpadding=\"5\">\n<colgroup>\n<col width=\"328\" \/>\n<col width=\"253\" \/> <\/colgroup>\n<tbody>\n<tr valign=\"TOP\">\n<td width=\"328\">\n<p align=\"CENTER\"><b>Apellidos y Nombre<\/b><\/p>\n<\/td>\n<td width=\"253\">\n<p align=\"CENTER\"><b>@rac-ciencias.org<\/b><\/p>\n<\/td>\n<\/tr>\n<tr valign=\"TOP\">\n<td width=\"328\">\n<p align=\"CENTER\">Balbuena Luis<\/p>\n<\/td>\n<td width=\"253\">\n<p align=\"CENTER\">lbalbuena<\/p>\n<\/td>\n<\/tr>\n<tr valign=\"TOP\">\n<td width=\"328\">\n<p align=\"CENTER\">Bacallado Ar\u00e1nega Juan<\/p>\n<\/td>\n<td width=\"253\">\n<p align=\"CENTER\">jbacallado<\/p>\n<\/td>\n<\/tr>\n<tr valign=\"TOP\">\n<td width=\"328\">\n<p align=\"CENTER\">Betancor P\u00e9rez Jorge<\/p>\n<\/td>\n<td width=\"253\">\n<p align=\"CENTER\">jbetancor<\/p>\n<\/td>\n<\/tr>\n<tr valign=\"TOP\">\n<td width=\"328\">\n<p align=\"CENTER\">Brito Andrea<\/p>\n<\/td>\n<td width=\"253\">\n<p align=\"CENTER\">abrito<\/p>\n<\/td>\n<\/tr>\n<tr valign=\"TOP\">\n<td width=\"328\">\n<p align=\"CENTER\">Carracedo Juan<\/p>\n<\/td>\n<td width=\"253\">\n<p align=\"CENTER\">jcarracedo<\/p>\n<\/td>\n<\/tr>\n<tr valign=\"TOP\">\n<td width=\"328\">\n<p align=\"CENTER\">Chinea Miranda Domingo<\/p>\n<\/td>\n<td width=\"253\">\n<p align=\"CENTER\">dchinea<\/p>\n<\/td>\n<\/tr>\n<tr valign=\"TOP\">\n<td width=\"328\">\n<p align=\"CENTER\">Delgado D\u00edaz Sebasti\u00e1n<\/p>\n<\/td>\n<td width=\"253\">\n<p align=\"CENTER\">sdelgado<\/p>\n<\/td>\n<\/tr>\n<tr valign=\"TOP\">\n<td width=\"328\">\n<p align=\"CENTER\">D\u00edaz Chico Bonifacio<\/p>\n<\/td>\n<td width=\"253\">\n<p align=\"CENTER\">bdiaz<\/p>\n<\/td>\n<\/tr>\n<tr valign=\"TOP\">\n<td width=\"328\">\n<p align=\"CENTER\">Garc\u00eda Montelongo Francisco<\/p>\n<\/td>\n<td width=\"253\">\n<p align=\"CENTER\">fgarcia<\/p>\n<\/td>\n<\/tr>\n<tr valign=\"TOP\">\n<td width=\"328\">\n<p align=\"CENTER\">Gonz\u00e1lez Mart\u00edn Carlos<\/p>\n<\/td>\n<td width=\"253\">\n<p align=\"CENTER\">cgonzalez<\/p>\n<\/td>\n<\/tr>\n<tr valign=\"TOP\">\n<td width=\"328\">\n<p align=\"CENTER\">Guti\u00e9rrez Navarro \u00c1ngel<\/p>\n<\/td>\n<td width=\"253\">\n<p align=\"CENTER\">agutierrezn<\/p>\n<\/td>\n<\/tr>\n<tr valign=\"TOP\">\n<td width=\"328\">\n<p align=\"CENTER\">Guti\u00e9rrez Ravelo \u00c1ngel<\/p>\n<\/td>\n<td width=\"253\">\n<p align=\"CENTER\">agutierrezr<\/p>\n<\/td>\n<\/tr>\n<tr valign=\"TOP\">\n<td width=\"328\">\n<p align=\"CENTER\">INFORMACI\u00d3N<\/p>\n<\/td>\n<td width=\"253\">\n<p align=\"CENTER\">info<\/p>\n<\/td>\n<\/tr>\n<tr>\n<td valign=\"TOP\" width=\"328\">\n<p align=\"CENTER\">Marrero Gonz\u00e1lez Juan<\/p>\n<\/td>\n<td valign=\"BOTTOM\" width=\"253\">\n<p align=\"CENTER\">jmarrero<\/p>\n<\/td>\n<\/tr>\n<tr>\n<td valign=\"TOP\" width=\"328\">\n<p align=\"CENTER\">Mart\u00edn Garc\u00eda V\u00edctor<\/p>\n<\/td>\n<td valign=\"BOTTOM\" width=\"253\">\n<p align=\"CENTER\">vmartin<\/p>\n<\/td>\n<\/tr>\n<tr valign=\"TOP\">\n<td width=\"328\">\n<p align=\"CENTER\">Mederos P\u00e9rez Alfredo<\/p>\n<\/td>\n<td width=\"253\">\n<p align=\"CENTER\">amederos<\/p>\n<\/td>\n<\/tr>\n<tr valign=\"TOP\">\n<td width=\"328\">\n<p align=\"CENTER\">Mel\u00e9ndez Hevia Enrique<\/p>\n<\/td>\n<td width=\"253\">\n<p align=\"CENTER\">emelendez<\/p>\n<\/td>\n<\/tr>\n<tr valign=\"TOP\">\n<td width=\"328\">\n<p align=\"CENTER\">M\u00e9ndez P\u00e9rez Jos\u00e9<\/p>\n<\/td>\n<td width=\"253\">\n<p align=\"CENTER\">jmendez<\/p>\n<\/td>\n<\/tr>\n<tr valign=\"TOP\">\n<td width=\"328\">\n<p align=\"CENTER\">Moreno D\u00edaz Roberto<\/p>\n<\/td>\n<td width=\"253\">\n<p align=\"CENTER\">rmoreno<\/p>\n<\/td>\n<\/tr>\n<tr valign=\"TOP\">\n<td width=\"328\">\n<p align=\"CENTER\">Ortega Saavedra Juan<\/p>\n<\/td>\n<td width=\"253\">\n<p align=\"CENTER\">jortega<\/p>\n<\/td>\n<\/tr>\n<tr valign=\"TOP\">\n<td width=\"328\">\n<p align=\"CENTER\">Pacheco Castelao Jos\u00e9<\/p>\n<\/td>\n<td width=\"253\">\n<p align=\"CENTER\">jpacheco<\/p>\n<\/td>\n<\/tr>\n<tr valign=\"TOP\">\n<td width=\"328\">\n<p align=\"CENTER\">Regidor Jos\u00e9<\/p>\n<\/td>\n<td width=\"253\">\n<p align=\"CENTER\">jregidor<\/p>\n<\/td>\n<\/tr>\n<tr valign=\"TOP\">\n<td width=\"328\">\n<p align=\"CENTER\">Rivero Margarita<\/p>\n<\/td>\n<td width=\"253\">\n<p align=\"CENTER\">mrivero<\/p>\n<\/td>\n<\/tr>\n<tr valign=\"TOP\">\n<td width=\"328\">\n<p align=\"CENTER\">Roca Teodoro<\/p>\n<\/td>\n<td width=\"253\">\n<p align=\"CENTER\">troca<\/p>\n<\/td>\n<\/tr>\n<tr valign=\"TOP\">\n<td width=\"328\">\n<p align=\"CENTER\">Rubio Royo Francisco<\/p>\n<\/td>\n<td width=\"253\">\n<p align=\"CENTER\">frubio<\/p>\n<\/td>\n<\/tr>\n<tr valign=\"TOP\">\n<td width=\"328\">\n<p align=\"CENTER\">Saavedra Santana Pedro<\/p>\n<\/td>\n<td width=\"253\">\n<p align=\"CENTER\">psaavedra<\/p>\n<\/td>\n<\/tr>\n<tr valign=\"TOP\">\n<td width=\"328\">\n<p align=\"CENTER\">Santana Rodr\u00edguez Jos\u00e9<\/p>\n<\/td>\n<td width=\"253\">\n<p align=\"CENTER\">jjsantana<\/p>\n<\/td>\n<\/tr>\n<tr valign=\"TOP\">\n<td width=\"328\">\n<p align=\"CENTER\">S\u00e1nchez Mart\u00ednez Francisco<\/p>\n<\/td>\n<td width=\"253\">\n<p align=\"CENTER\">fsanchez<\/p>\n<\/td>\n<\/tr>\n<tr valign=\"TOP\">\n<td width=\"328\">\n<p align=\"CENTER\">Tejedor Salguero Mar\u00eda<\/p>\n<\/td>\n<td width=\"253\">\n<p align=\"CENTER\">mtejedor<\/p>\n<\/td>\n<\/tr>\n<tr valign=\"TOP\">\n<td width=\"328\">\n<p align=\"CENTER\">V\u00e1zquez Abeledo Manuel<\/p>\n<\/td>\n<td width=\"253\">\n<p align=\"CENTER\">mvazquez<\/p>\n<\/td>\n<\/tr>\n<tr valign=\"TOP\">\n<td width=\"328\">\n<p align=\"CENTER\">Wildpret de la Torre Wolfredo<\/p>\n<\/td>\n<td width=\"253\">\n<p align=\"CENTER\">wwildpret<\/p>\n<\/td>\n<\/tr>\n<\/tbody>\n<\/table>\n<p><a href=\"http:\/\/www.rac-ciencias.org\/webmail\/\">Correo Web<\/a><\/p>\n<p>&nbsp;<\/p>\n","protected":false},"excerpt":{"rendered":"<p>Los Acad\u00e9micos disponen del correo electr\u00f3nico de la Instituci\u00f3n:\u00a0Correo Web Todos ellos corresponden a la forma general\u00a0[nombre]@rac-ciencias.org. He aqu\u00ed la lista de correos de los Acad\u00e9micos: Apellidos y Nombre @rac-ciencias.org Balbuena Luis lbalbuena Bacallado Ar\u00e1nega Juan jbacallado Betancor P\u00e9rez Jorge jbetancor Brito Andrea abrito Carracedo Juan jcarracedo Chinea Miranda Domingo dchinea Delgado D\u00edaz Sebasti\u00e1n sdelgado [&hellip;]<\/p>\n","protected":false},"author":1,"featured_media":0,"parent":0,"menu_order":0,"comment_status":"open","ping_status":"open","template":"","meta":{"footnotes":""},"class_list":["post-75","page","type-page","status-publish","hentry"],"_links":{"self":[{"href":"http:\/\/rac-ciencias.org\/wp\/index.php?rest_route=\/wp\/v2\/pages\/75","targetHints":{"allow":["GET"]}}],"collection":[{"href":"http:\/\/rac-ciencias.org\/wp\/index.php?rest_route=\/wp\/v2\/pages"}],"about":[{"href":"http:\/\/rac-ciencias.org\/wp\/index.php?rest_route=\/wp\/v2\/types\/page"}],"author":[{"embeddable":true,"href":"http:\/\/rac-ciencias.org\/wp\/index.php?rest_route=\/wp\/v2\/users\/1"}],"replies":[{"embeddable":true,"href":"http:\/\/rac-ciencias.org\/wp\/index.php?rest_route=%2Fwp%2Fv2%2Fcomments&post=75"}],"version-history":[{"count":10,"href":"http:\/\/rac-ciencias.org\/wp\/index.php?rest_route=\/wp\/v2\/pages\/75\/revisions"}],"predecessor-version":[{"id":523,"href":"http:\/\/rac-ciencias.org\/wp\/index.php?rest_route=\/wp\/v2\/pages\/75\/revisions\/523"}],"wp:attachment":[{"href":"http:\/\/rac-ciencias.org\/wp\/index.php?rest_route=%2Fwp%2Fv2%2Fmedia&parent=75"}],"curies":[{"name":"wp","href":"https:\/\/api.w.org\/{rel}","templated":true}]}}