{"id":19,"date":"2015-04-23T08:40:40","date_gmt":"2015-04-23T08:40:40","guid":{"rendered":"http:\/\/rac-ciencias.org\/wp\/?page_id=19"},"modified":"2026-04-13T10:42:11","modified_gmt":"2026-04-13T09:42:11","slug":"academicos-de-honor","status":"publish","type":"page","link":"https:\/\/rac-ciencias.org\/wp\/?page_id=19","title":{"rendered":"Acad\u00e9micos de Honor"},"content":{"rendered":"<p style=\"text-align: center;\"><strong>Por la Secci\u00f3n de Qu\u00edmica<\/strong><\/p>\n<p><strong>Dr D Avelino Corma Can\u00f3s (*1951-)<\/strong><\/p>\n<p><strong>Dr D Antonio Gonz\u00e1lez Gonz\u00e1lez (*1917, +2002)<\/strong><\/p>\n<p style=\"text-align: center;\"><strong>Por la Secci\u00f3n de Biolog\u00eda<\/strong><\/p>\n<p><strong>Dra D\u00aa Margarita Salas Falgueras (*1938, +2019)<\/strong><\/p>\n\n\n<p><\/p>\n","protected":false},"excerpt":{"rendered":"<p>Por la Secci\u00f3n de Qu\u00edmica Dr D Avelino Corma Can\u00f3s (*1951-) Dr D Antonio Gonz\u00e1lez Gonz\u00e1lez (*1917, +2002) Por la Secci\u00f3n de Biolog\u00eda Dra D\u00aa Margarita Salas Falgueras (*1938, +2019)<\/p>\n","protected":false},"author":1,"featured_media":0,"parent":0,"menu_order":0,"comment_status":"open","ping_status":"open","template":"","meta":{"footnotes":""},"class_list":["post-19","page","type-page","status-publish","hentry"],"_links":{"self":[{"href":"https:\/\/rac-ciencias.org\/wp\/index.php?rest_route=\/wp\/v2\/pages\/19","targetHints":{"allow":["GET"]}}],"collection":[{"href":"https:\/\/rac-ciencias.org\/wp\/index.php?rest_route=\/wp\/v2\/pages"}],"about":[{"href":"https:\/\/rac-ciencias.org\/wp\/index.php?rest_route=\/wp\/v2\/types\/page"}],"author":[{"embeddable":true,"href":"https:\/\/rac-ciencias.org\/wp\/index.php?rest_route=\/wp\/v2\/users\/1"}],"replies":[{"embeddable":true,"href":"https:\/\/rac-ciencias.org\/wp\/index.php?rest_route=%2Fwp%2Fv2%2Fcomments&post=19"}],"version-history":[{"count":11,"href":"https:\/\/rac-ciencias.org\/wp\/index.php?rest_route=\/wp\/v2\/pages\/19\/revisions"}],"predecessor-version":[{"id":2881,"href":"https:\/\/rac-ciencias.org\/wp\/index.php?rest_route=\/wp\/v2\/pages\/19\/revisions\/2881"}],"wp:attachment":[{"href":"https:\/\/rac-ciencias.org\/wp\/index.php?rest_route=%2Fwp%2Fv2%2Fmedia&parent=19"}],"curies":[{"name":"wp","href":"https:\/\/api.w.org\/{rel}","templated":true}]}}