{"id":21,"date":"2015-04-23T08:41:16","date_gmt":"2015-04-23T08:41:16","guid":{"rendered":"http:\/\/rac-ciencias.org\/wp\/?page_id=21"},"modified":"2026-01-22T15:05:48","modified_gmt":"2026-01-22T15:05:48","slug":"academicos-correspondientes","status":"publish","type":"page","link":"https:\/\/rac-ciencias.org\/wp\/?page_id=21","title":{"rendered":"Acad\u00e9micos Correspondientes"},"content":{"rendered":"<p><span style=\"font-size: large;\"><strong>Acad\u00e9micos Correspondientes<\/strong><\/span><\/p>\n<p><span style=\"font-size: large;\">Dr. D. Alejandro J. Arv\u00eda (+); Universidad de La Plata, Argentina<br \/>\n<\/span><\/p>\n<p><span style=\"font-size: large;\">Dr. D. Miguel S\u00e1nchez Garc\u00eda; <\/span><span style=\"font-size: large;\">Universidad Complutense de Madrid<\/span><\/p>\n<p><span style=\"font-size: large;\">Dr. D. J. Ildefonso D\u00edaz D\u00edaz; <\/span><span style=\"font-size: large;\">Universidad Complutense de Madrid<\/span><\/p>\n<p><span style=\"font-size: large;\">Dr. D. Amable Li\u00f1\u00e1n Mart\u00ednez (+); <\/span><span style=\"font-size: large;\">Universidad Polit\u00e9cnica de Madrid<\/span><\/p>\n<p><span style=\"font-size: large;\">Dr. D. Luis Angel Cordero Rego (+); <\/span><span style=\"font-size: large;\">Universidad de Santiago de Compostela<\/span><\/p>\n<p lang=\"en-GB\"><span style=\"font-size: large;\"><span lang=\"en-GB\">Dr. D. Lieven Vanhecke (+);<i> <\/i><\/span><\/span><span style=\"color: #000000;\"><span style=\"font-size: large;\">Katholieke Universiteit Leuven, B\u00e9lgica<\/span><\/span><\/p>\n<p><span style=\"font-size: large;\"><span lang=\"en-GB\">Dr. D. H. M. Srivastava; <\/span><\/span><span style=\"color: #000000;\"><span style=\"font-size: large;\">Victoria<\/span><\/span><span style=\"color: #000000;\"><span style=\"font-size: large;\"> B.C., Canad\u00e1<\/span><\/span><\/p>\n<p><span style=\"font-size: large;\">Dr. D. Fernando Camacho Rubio (+); Universidad de Granada<\/span><\/p>\n<p><span style=\"font-size: large;\">Dr. D. Felipe Brito Rodr\u00edguez (+); <\/span><span style=\"color: #000000;\"><span style=\"font-size: large;\">Universidad Central de Venezuela, Caracas,\u00a0<\/span><\/span><\/p>\n<p><span style=\"font-size: large;\">Dr. D. Franz Pichler; Johannes Kepler Universit\u00e4t, Linz, Austria<\/span><\/p>\n<p><span style=\"font-size: large;\">Dr. D. Manuel Calvo Pinilla; <\/span><span style=\"color: #000000;\"><span style=\"font-size: large;\">Universidad de Zaragoza <\/span><\/span><\/p>\n<p><span style=\"font-size: large;\">Dr. D. Esteban Ferro Bertolotto; Universidad Nacional de Asunci\u00f3n, Asunci\u00f3n, Paraguay<\/span><\/p>\n<p><span style=\"font-size: large;\">Dr. D. Manuel de Le\u00f3n Rodr\u00edguez; Instituto de Ciencias Matem\u00e1ticas CSIC-UAM-UC3M-UC\u00a0<\/span><\/p>\n<p><span style=\"font-size: large;\">Dr. D. Arturo Romero Salvador; Universidad Complutense de Madrid\u00a0<\/span><\/p>\n<p><span style=\"font-size: large;\">Dr. D. Miguel \u00c1ngel Gal\u00e1n Serrano (+); Universidad de Salamanca<\/span><\/p>\n<p><span style=\"font-size: large;\">Dr. D. Jes\u00fas M. Santamar\u00eda Ramiro; Universidad de Zaragoza <\/span><\/p>\n<p><span style=\"font-size: large;\">Dr. D. Valent\u00edn R. Troll, Universidad de Uppsala (Suecia)\u00a0<\/span><\/p>\n","protected":false},"excerpt":{"rendered":"<p>Acad\u00e9micos Correspondientes Dr. D. Alejandro J. Arv\u00eda (+); Universidad de La Plata, Argentina Dr. D. Miguel S\u00e1nchez Garc\u00eda; Universidad Complutense de Madrid Dr. D. J. Ildefonso D\u00edaz D\u00edaz; Universidad Complutense de Madrid Dr. D. Amable Li\u00f1\u00e1n Mart\u00ednez (+); Universidad Polit\u00e9cnica de Madrid Dr. D. Luis Angel Cordero Rego (+); Universidad de Santiago de Compostela Dr. [&hellip;]<\/p>\n","protected":false},"author":1,"featured_media":0,"parent":0,"menu_order":0,"comment_status":"open","ping_status":"open","template":"","meta":{"footnotes":""},"class_list":["post-21","page","type-page","status-publish","hentry"],"_links":{"self":[{"href":"https:\/\/rac-ciencias.org\/wp\/index.php?rest_route=\/wp\/v2\/pages\/21","targetHints":{"allow":["GET"]}}],"collection":[{"href":"https:\/\/rac-ciencias.org\/wp\/index.php?rest_route=\/wp\/v2\/pages"}],"about":[{"href":"https:\/\/rac-ciencias.org\/wp\/index.php?rest_route=\/wp\/v2\/types\/page"}],"author":[{"embeddable":true,"href":"https:\/\/rac-ciencias.org\/wp\/index.php?rest_route=\/wp\/v2\/users\/1"}],"replies":[{"embeddable":true,"href":"https:\/\/rac-ciencias.org\/wp\/index.php?rest_route=%2Fwp%2Fv2%2Fcomments&post=21"}],"version-history":[{"count":15,"href":"https:\/\/rac-ciencias.org\/wp\/index.php?rest_route=\/wp\/v2\/pages\/21\/revisions"}],"predecessor-version":[{"id":2725,"href":"https:\/\/rac-ciencias.org\/wp\/index.php?rest_route=\/wp\/v2\/pages\/21\/revisions\/2725"}],"wp:attachment":[{"href":"https:\/\/rac-ciencias.org\/wp\/index.php?rest_route=%2Fwp%2Fv2%2Fmedia&parent=21"}],"curies":[{"name":"wp","href":"https:\/\/api.w.org\/{rel}","templated":true}]}}